{"id":1461,"date":"2021-06-07T08:39:20","date_gmt":"2021-06-07T08:39:20","guid":{"rendered":"http:\/\/aventer.themezinho.net\/?page_id=7"},"modified":"2025-05-28T10:58:17","modified_gmt":"2025-05-28T13:58:17","slug":"home","status":"publish","type":"page","link":"https:\/\/epidemiologia.epb.udelar.edu.uy\/","title":{"rendered":"Home"},"content":{"rendered":"\t\t<div data-elementor-type=\"wp-page\" data-elementor-id=\"1461\" class=\"elementor elementor-1461\">\n\t\t\t\t\t\t\t\t\t<div class=\"elementor-section elementor-top-section elementor-element elementor-element-363cd51 elementor-section-full_width elementor-section-height-default elementor-section-height-default\" data-id=\"363cd51\" data-element_type=\"section\">\n\t\t\t\t\t\t<div class=\"elementor-container elementor-column-gap-no\">\n\t\t\t\t\t<div class=\"elementor-column elementor-col-100 elementor-top-column elementor-element elementor-element-aa0e29b\" data-id=\"aa0e29b\" data-element_type=\"column\">\n\t\t\t<div class=\"elementor-widget-wrap elementor-element-populated\">\n\t\t\t\t\t\t\t\t<div class=\"elementor-element elementor-element-3b2bdf4 elementor-widget elementor-widget-Aventer-slider\" data-id=\"3b2bdf4\" data-element_type=\"widget\" data-widget_type=\"Aventer-slider.default\">\n\t\t\t\t<div class=\"elementor-widget-container\">\n\t\t\t<section class=\"slider\">\n  <div class=\"container\">\n    <div class=\"row\">\n      <div class=\"col-lg-6\">\n        <div class=\"events-slider-content\">\n          <div class=\"swiper-wrapper\">\n                        <div class=\"swiper-slide\">\n              <div class=\"inner\">\n                                <div class=\"date\">\n                                    <figure><img src=\"\n\t\t\t\t\t  https:\/\/epidemiologia.epb.udelar.edu.uy\/wp-content\/uploads\/sites\/4\/2021\/06\/icon-date.png\" alt=\"Segunda Jornada de Epidemiolog\u00eda y Salud P\u00fablica\"><\/figure>\n                                    <span>4, 5 y 6 de JUNIO <\/span><\/div>\n                <!-- end date -->\n                                                <h2>Segunda Jornada de Epidemiolog\u00eda y Salud P\u00fablica<\/h2>\n                                <a href=\"https:\/\/epidemiologia.epb.udelar.edu.uy\/?page_id=2285\" class=\"slider-button\"> <span class=\"circle\" aria-hidden=\"true\"> <span class=\"icon arrow\"><\/span> <\/span> <span class=\"button-text\">Inscripciones<\/span><\/a>\n                                <div class=\"location\">\n                                    <div class=\"icon\"><img src=\"https:\/\/epidemiologia.epb.udelar.edu.uy\/wp-content\/uploads\/sites\/4\/2021\/08\/Venue.png\" alt=\"Campus Parque Battle\"><\/div>\n                                    <span>Campus Parque Battle<\/span> <\/div>\n                <!-- end location -->\n                              <\/div>\n              <!-- end inner -->\n              \n              <div class=\"container-fluid\"> <\/div>\n              <!-- end container --> \n            <\/div>\n            <!-- end swiper-slide -->\n                      <\/div>\n          <!-- end swiper-wrapper --> \n        <\/div>\n        <!-- end events-slider-content --> \n      <\/div>\n      <!-- end col-6 -->\n      <div class=\"col-lg-6\">\n        <div class=\"events-slider-images\">\n          <div class=\"swiper-wrapper\">\n                        <div class=\"swiper-slide\"   style=\"background-image: url(https:\/\/epidemiologia.epb.udelar.edu.uy\/wp-content\/uploads\/sites\/4\/2025\/03\/campus.jpeg);\" >\n              <div class=\"mobile-slide\" style=\"background-image: url(https:\/\/epidemiologia.epb.udelar.edu.uy\/wp-content\/uploads\/sites\/4\/2025\/03\/campus.jpeg);\"  ><\/div>\n            <\/div>\n            <!-- end swiper-slide -->\n                      <\/div>\n          <!-- end swiper-wrapper -->\n          <div class=\"button-prev\"><span class=\"icon arrow\"><\/span><\/div>\n          <div class=\"button-next\"><span class=\"icon arrow\"><\/span><\/div>\n        <\/div>\n        <!-- end events-slider-content --> \n      <\/div>\n      <!-- end col-6 --> \n    <\/div>\n    <!-- end row --> \n  <\/div>\n  <!-- end container --> \n<\/section>\n<!-- end slider -->\n\n\t\t<\/div>\n\t\t\t\t<\/div>\n\t\t\t\t\t<\/div>\n\t\t<\/div>\n\t\t\t\t\t\t\t<\/div>\n\t\t<\/div>\n\t\t\t\t<div class=\"elementor-section elementor-top-section elementor-element elementor-element-9dc0a4e elementor-section-content-middle elementor-section-boxed elementor-section-height-default elementor-section-height-default\" data-id=\"9dc0a4e\" data-element_type=\"section\" data-settings=\"{&quot;background_background&quot;:&quot;classic&quot;}\">\n\t\t\t\t\t\t<div class=\"elementor-container elementor-column-gap-default\">\n\t\t\t\t\t<div class=\"elementor-column elementor-col-50 elementor-top-column elementor-element elementor-element-a16c2a7\" data-id=\"a16c2a7\" data-element_type=\"column\">\n\t\t\t<div class=\"elementor-widget-wrap elementor-element-populated\">\n\t\t\t\t\t\t\t\t<div class=\"elementor-element elementor-element-c98a5ab elementor-widget elementor-widget-aventer-side-content\" data-id=\"c98a5ab\" data-element_type=\"widget\" data-widget_type=\"aventer-side-content.default\">\n\t\t\t\t<div class=\"elementor-widget-container\">\n\t\t\t<div data-scroll data-scroll-speed=\"-0.5\">\n  <div class=\"side-content left \">\n        <h6>Comite organizador<\/h6>\n            <h2>Editorial<\/h2>\n            <p><span style=\"font-weight: 400\">Les damos la bienvenida a la Segunda Jornada de Epidemiolog\u00eda y Salud P\u00fablica en Uruguay que tendr\u00e1 lugar el 4, 5 y 6 de junio de 2025 en forma presencial en las instalaciones del Campus Parque Batlle de la Universidad de la Rep\u00fablica.<\/span><\/p>    \t           <a href=\"https:\/\/epidemiologia.epb.udelar.edu.uy\/?page_id=1669\" class=\"custom-button\"> <span class=\"circle\" aria-hidden=\"true\"> <span class=\"icon arrow\"><\/span> <\/span> <span class=\"button-text\">Continuar leyendo<\/span><\/a>\n      <\/div>\n  <!-- end side-content --> \n<\/div>\n<!-- end data-scroll -->\n\n\t\t<\/div>\n\t\t\t\t<\/div>\n\t\t\t\t\t<\/div>\n\t\t<\/div>\n\t\t\t\t<div class=\"elementor-column elementor-col-50 elementor-top-column elementor-element elementor-element-1acb984\" data-id=\"1acb984\" data-element_type=\"column\">\n\t\t\t<div class=\"elementor-widget-wrap elementor-element-populated\">\n\t\t\t\t\t\t\t\t<div class=\"elementor-element elementor-element-e8b768d elementor-widget elementor-widget-aventer-side-image\" data-id=\"e8b768d\" data-element_type=\"widget\" data-widget_type=\"aventer-side-image.default\">\n\t\t\t\t<div class=\"elementor-widget-container\">\n\t\t\t<figure class=\"side-image \" data-scroll data-scroll-speed=\"0.5\"> <img src=\"https:\/\/epidemiologia.epb.udelar.edu.uy\/wp-content\/uploads\/sites\/4\/2021\/06\/side-image01.png\" alt=\"Image\"><\/figure>\n\t\t<\/div>\n\t\t\t\t<\/div>\n\t\t\t\t\t<\/div>\n\t\t<\/div>\n\t\t\t\t\t\t\t<\/div>\n\t\t<\/div>\n\t\t\t\t<section class=\"elementor-section elementor-top-section elementor-element elementor-element-80348bb elementor-section-boxed elementor-section-height-default elementor-section-height-default\" data-id=\"80348bb\" data-element_type=\"section\">\n\t\t\t\t\t\t<div class=\"elementor-container elementor-column-gap-default\">\n\t\t\t\t\t<div class=\"elementor-column elementor-col-100 elementor-top-column elementor-element elementor-element-e273009\" data-id=\"e273009\" data-element_type=\"column\">\n\t\t\t<div class=\"elementor-widget-wrap elementor-element-populated\">\n\t\t\t\t\t\t\t\t<div class=\"elementor-element elementor-element-2ce2181 elementor-widget elementor-widget-aventer-section-title\" data-id=\"2ce2181\" data-element_type=\"widget\" data-widget_type=\"aventer-section-title.default\">\n\t\t\t\t<div class=\"elementor-widget-container\">\n\t\t\t  <div data-scroll data-scroll-speed=\"\">\n            <div class=\"section-title  text-center\">\n\t\t\t\t    \t\t\t\t\n             \n            \n    <h2><\/h2>\n            <\/div>\n            <!-- end section-title --> \n\t\t\t\t    <\/div>\n\t\t\t  <!-- end data-scroll -->\n\n\t\t<\/div>\n\t\t\t\t<\/div>\n\t\t\t\t\t<\/div>\n\t\t<\/div>\n\t\t\t\t\t\t\t<\/div>\n\t\t<\/section>\n\t\t\t\t<section class=\"elementor-section elementor-top-section elementor-element elementor-element-1285f4f elementor-section-boxed elementor-section-height-default elementor-section-height-default\" data-id=\"1285f4f\" data-element_type=\"section\">\n\t\t\t\t\t\t<div class=\"elementor-container elementor-column-gap-default\">\n\t\t\t\t\t<div class=\"elementor-column elementor-col-100 elementor-top-column elementor-element elementor-element-2ef353f\" data-id=\"2ef353f\" data-element_type=\"column\">\n\t\t\t<div class=\"elementor-widget-wrap elementor-element-populated\">\n\t\t\t\t\t\t\t\t<div class=\"elementor-element elementor-element-4f2bf04 elementor-align-center elementor-widget elementor-widget-button\" data-id=\"4f2bf04\" data-element_type=\"widget\" data-widget_type=\"button.default\">\n\t\t\t\t<div class=\"elementor-widget-container\">\n\t\t\t\t\t<div class=\"elementor-button-wrapper\">\n\t\t\t<a href=\"https:\/\/epidemiologia.epb.udelar.edu.uy\/wp-content\/uploads\/sites\/4\/2025\/05\/Programa-de-la-jornada-Versio\u0301n-final-mayo-2025.pdf\" target=\"_blank\" class=\"elementor-button-link elementor-button elementor-size-xl\" role=\"button\">\n\t\t\t\t\t\t<span class=\"elementor-button-content-wrapper\">\n\t\t\t\t\t\t\t<span class=\"elementor-button-icon elementor-align-icon-left\">\n\t\t\t\t<i aria-hidden=\"true\" class=\"far fa-calendar-alt\"><\/i>\t\t\t<\/span>\n\t\t\t\t\t\t<span class=\"elementor-button-text\">Programa 2025<\/span>\n\t\t<\/span>\n\t\t\t\t\t<\/a>\n\t\t<\/div>\n\t\t\t\t<\/div>\n\t\t\t\t<\/div>\n\t\t\t\t\t<\/div>\n\t\t<\/div>\n\t\t\t\t\t\t\t<\/div>\n\t\t<\/section>\n\t\t\t\t<section class=\"elementor-section elementor-top-section elementor-element elementor-element-ae257db elementor-section-boxed elementor-section-height-default elementor-section-height-default\" data-id=\"ae257db\" data-element_type=\"section\">\n\t\t\t\t\t\t<div class=\"elementor-container elementor-column-gap-default\">\n\t\t\t\t\t<div class=\"elementor-column elementor-col-100 elementor-top-column elementor-element elementor-element-fbac46a\" data-id=\"fbac46a\" data-element_type=\"column\">\n\t\t\t<div class=\"elementor-widget-wrap elementor-element-populated\">\n\t\t\t\t\t\t\t\t<div class=\"elementor-element elementor-element-698ee05 elementor-widget elementor-widget-spacer\" data-id=\"698ee05\" data-element_type=\"widget\" data-widget_type=\"spacer.default\">\n\t\t\t\t<div class=\"elementor-widget-container\">\n\t\t\t<style>\/*! elementor - v3.7.7 - 20-09-2022 *\/\n.elementor-column .elementor-spacer-inner{height:var(--spacer-size)}.e-container{--container-widget-width:100%}.e-container>.elementor-widget-spacer{width:var(--container-widget-width,var(--spacer-size));-ms-flex-item-align:stretch;align-self:stretch;-ms-flex-negative:0;flex-shrink:0}.e-container>.elementor-widget-spacer>.elementor-widget-container,.e-container>.elementor-widget-spacer>.elementor-widget-container>.elementor-spacer{height:100%}.e-container>.elementor-widget-spacer>.elementor-widget-container>.elementor-spacer>.elementor-spacer-inner{height:var(--container-widget-height,var(--spacer-size))}<\/style>\t\t<div class=\"elementor-spacer\">\n\t\t\t<div class=\"elementor-spacer-inner\"><\/div>\n\t\t<\/div>\n\t\t\t\t<\/div>\n\t\t\t\t<\/div>\n\t\t\t\t<div class=\"elementor-element elementor-element-d2175c9 elementor-widget elementor-widget-heading\" data-id=\"d2175c9\" data-element_type=\"widget\" data-widget_type=\"heading.default\">\n\t\t\t\t<div class=\"elementor-widget-container\">\n\t\t\t<style>\/*! elementor - v3.7.7 - 20-09-2022 *\/\n.elementor-heading-title{padding:0;margin:0;line-height:1}.elementor-widget-heading .elementor-heading-title[class*=elementor-size-]>a{color:inherit;font-size:inherit;line-height:inherit}.elementor-widget-heading .elementor-heading-title.elementor-size-small{font-size:15px}.elementor-widget-heading .elementor-heading-title.elementor-size-medium{font-size:19px}.elementor-widget-heading .elementor-heading-title.elementor-size-large{font-size:29px}.elementor-widget-heading .elementor-heading-title.elementor-size-xl{font-size:39px}.elementor-widget-heading .elementor-heading-title.elementor-size-xxl{font-size:59px}<\/style><h2 class=\"elementor-heading-title elementor-size-large\">Organizan: <\/h2>\t\t<\/div>\n\t\t\t\t<\/div>\n\t\t\t\t<div class=\"elementor-element elementor-element-2a4bd56 elementor-widget elementor-widget-image\" data-id=\"2a4bd56\" data-element_type=\"widget\" data-widget_type=\"image.default\">\n\t\t\t\t<div class=\"elementor-widget-container\">\n\t\t\t<style>\/*! elementor - v3.7.7 - 20-09-2022 *\/\n.elementor-widget-image{text-align:center}.elementor-widget-image a{display:inline-block}.elementor-widget-image a img[src$=\".svg\"]{width:48px}.elementor-widget-image img{vertical-align:middle;display:inline-block}<\/style>\t\t\t\t\t\t\t\t\t\t\t\t<img width=\"1183\" height=\"264\" src=\"https:\/\/epidemiologia.epb.udelar.edu.uy\/wp-content\/uploads\/sites\/4\/2025\/05\/logos-3.png\" class=\"attachment-full size-full\" alt=\"\" loading=\"lazy\" srcset=\"https:\/\/epidemiologia.epb.udelar.edu.uy\/wp-content\/uploads\/sites\/4\/2025\/05\/logos-3.png 1183w, https:\/\/epidemiologia.epb.udelar.edu.uy\/wp-content\/uploads\/sites\/4\/2025\/05\/logos-3-300x67.png 300w, https:\/\/epidemiologia.epb.udelar.edu.uy\/wp-content\/uploads\/sites\/4\/2025\/05\/logos-3-1024x229.png 1024w, https:\/\/epidemiologia.epb.udelar.edu.uy\/wp-content\/uploads\/sites\/4\/2025\/05\/logos-3-768x171.png 768w\" sizes=\"(max-width: 1183px) 100vw, 1183px\" \/>\t\t\t\t\t\t\t\t\t\t\t\t\t\t\t<\/div>\n\t\t\t\t<\/div>\n\t\t\t\t<div class=\"elementor-element elementor-element-6b76b19 elementor-widget elementor-widget-heading\" data-id=\"6b76b19\" data-element_type=\"widget\" data-widget_type=\"heading.default\">\n\t\t\t\t<div class=\"elementor-widget-container\">\n\t\t\t<h2 class=\"elementor-heading-title elementor-size-large\">Apoyan:<\/h2>\t\t<\/div>\n\t\t\t\t<\/div>\n\t\t\t\t<div class=\"elementor-element elementor-element-f7578a5 elementor-widget elementor-widget-image\" data-id=\"f7578a5\" data-element_type=\"widget\" data-widget_type=\"image.default\">\n\t\t\t\t<div class=\"elementor-widget-container\">\n\t\t\t\t\t\t\t\t\t\t\t\t\t\t\t<img width=\"732\" height=\"264\" src=\"https:\/\/epidemiologia.epb.udelar.edu.uy\/wp-content\/uploads\/sites\/4\/2025\/05\/logos-33.png\" class=\"attachment-full size-full\" alt=\"\" loading=\"lazy\" srcset=\"https:\/\/epidemiologia.epb.udelar.edu.uy\/wp-content\/uploads\/sites\/4\/2025\/05\/logos-33.png 732w, https:\/\/epidemiologia.epb.udelar.edu.uy\/wp-content\/uploads\/sites\/4\/2025\/05\/logos-33-300x108.png 300w\" sizes=\"(max-width: 732px) 100vw, 732px\" \/>\t\t\t\t\t\t\t\t\t\t\t\t\t\t\t<\/div>\n\t\t\t\t<\/div>\n\t\t\t\t<div class=\"elementor-element elementor-element-fc99345 elementor-widget elementor-widget-spacer\" data-id=\"fc99345\" data-element_type=\"widget\" data-widget_type=\"spacer.default\">\n\t\t\t\t<div class=\"elementor-widget-container\">\n\t\t\t\t\t<div class=\"elementor-spacer\">\n\t\t\t<div class=\"elementor-spacer-inner\"><\/div>\n\t\t<\/div>\n\t\t\t\t<\/div>\n\t\t\t\t<\/div>\n\t\t\t\t\t<\/div>\n\t\t<\/div>\n\t\t\t\t\t\t\t<\/div>\n\t\t<\/section>\n\t\t\t\t\t\t\t<\/div>\n\t\t","protected":false},"excerpt":{"rendered":"<p>4, 5 y 6 de JUNIO Segunda Jornada de Epidemiolog\u00eda y Salud P\u00fablica Inscripciones Campus Parque Battle Comite organizador Editorial Les damos la bienvenida a la Segunda Jornada de Epidemiolog\u00eda y Salud P\u00fablica en Uruguay que tendr\u00e1 lugar el 4, 5 y 6 de junio de 2025 en forma presencial en las instalaciones del Campus [&hellip;]<\/p>\n","protected":false},"author":1,"featured_media":0,"parent":0,"menu_order":0,"comment_status":"closed","ping_status":"closed","template":"page-builder.php","meta":{"_mi_skip_tracking":false},"aioseo_notices":[],"_links":{"self":[{"href":"https:\/\/epidemiologia.epb.udelar.edu.uy\/index.php?rest_route=\/wp\/v2\/pages\/1461"}],"collection":[{"href":"https:\/\/epidemiologia.epb.udelar.edu.uy\/index.php?rest_route=\/wp\/v2\/pages"}],"about":[{"href":"https:\/\/epidemiologia.epb.udelar.edu.uy\/index.php?rest_route=\/wp\/v2\/types\/page"}],"author":[{"embeddable":true,"href":"https:\/\/epidemiologia.epb.udelar.edu.uy\/index.php?rest_route=\/wp\/v2\/users\/1"}],"replies":[{"embeddable":true,"href":"https:\/\/epidemiologia.epb.udelar.edu.uy\/index.php?rest_route=%2Fwp%2Fv2%2Fcomments&post=1461"}],"version-history":[{"count":439,"href":"https:\/\/epidemiologia.epb.udelar.edu.uy\/index.php?rest_route=\/wp\/v2\/pages\/1461\/revisions"}],"predecessor-version":[{"id":2554,"href":"https:\/\/epidemiologia.epb.udelar.edu.uy\/index.php?rest_route=\/wp\/v2\/pages\/1461\/revisions\/2554"}],"wp:attachment":[{"href":"https:\/\/epidemiologia.epb.udelar.edu.uy\/index.php?rest_route=%2Fwp%2Fv2%2Fmedia&parent=1461"}],"curies":[{"name":"wp","href":"https:\/\/api.w.org\/{rel}","templated":true}]}}