{"id":2023,"date":"2021-08-12T00:10:37","date_gmt":"2021-08-12T03:10:37","guid":{"rendered":"https:\/\/www.epidemiologia.epb.edu.uy\/?page_id=2023"},"modified":"2025-05-20T13:04:07","modified_gmt":"2025-05-20T16:04:07","slug":"comite-organizador","status":"publish","type":"page","link":"https:\/\/epidemiologia.epb.udelar.edu.uy\/?page_id=2023","title":{"rendered":"Comit\u00e9 Organizador"},"content":{"rendered":"\n<p>Alicia Alem\u00e1n<\/p>\n\n\n\n<p>Gabriela Fajardo<\/p>\n\n\n\n<p>Guillermo Silva<\/p>\n\n\n\n<p>Mariela Garau&nbsp;<\/p>\n\n\n\n<p>Esther Lacava Salvo&nbsp;<\/p>\n\n\n\n<p>Fiorela Apelo<\/p>\n\n\n\n<p>Ram\u00f3n Alvarez<\/p>\n\n\n\n<p>Mariana Paredes Della Croce<\/p>\n\n\n\n<p>Natalia Trabal Fernandez<\/p>\n\n\n\n<p>Clara Niz<\/p>\n\n\n\n<p>Mariela Balbuena<\/p>\n\n\n\n<p>Luis Gimen\u00e9z<\/p>\n\n\n\n<p>Janet Trujillo<\/p>\n\n\n\n<p><\/p>\n","protected":false},"excerpt":{"rendered":"<p>Alicia Alem\u00e1n Gabriela Fajardo Guillermo Silva Mariela Garau&nbsp; Esther Lacava Salvo&nbsp; Fiorela Apelo Ram\u00f3n Alvarez Mariana Paredes Della Croce Natalia Trabal Fernandez Clara Niz Mariela Balbuena Luis Gimen\u00e9z Janet Trujillo<\/p>\n","protected":false},"author":1,"featured_media":0,"parent":0,"menu_order":0,"comment_status":"closed","ping_status":"closed","template":"","meta":{"_mi_skip_tracking":false},"aioseo_notices":[],"_links":{"self":[{"href":"https:\/\/epidemiologia.epb.udelar.edu.uy\/index.php?rest_route=\/wp\/v2\/pages\/2023"}],"collection":[{"href":"https:\/\/epidemiologia.epb.udelar.edu.uy\/index.php?rest_route=\/wp\/v2\/pages"}],"about":[{"href":"https:\/\/epidemiologia.epb.udelar.edu.uy\/index.php?rest_route=\/wp\/v2\/types\/page"}],"author":[{"embeddable":true,"href":"https:\/\/epidemiologia.epb.udelar.edu.uy\/index.php?rest_route=\/wp\/v2\/users\/1"}],"replies":[{"embeddable":true,"href":"https:\/\/epidemiologia.epb.udelar.edu.uy\/index.php?rest_route=%2Fwp%2Fv2%2Fcomments&post=2023"}],"version-history":[{"count":6,"href":"https:\/\/epidemiologia.epb.udelar.edu.uy\/index.php?rest_route=\/wp\/v2\/pages\/2023\/revisions"}],"predecessor-version":[{"id":2532,"href":"https:\/\/epidemiologia.epb.udelar.edu.uy\/index.php?rest_route=\/wp\/v2\/pages\/2023\/revisions\/2532"}],"wp:attachment":[{"href":"https:\/\/epidemiologia.epb.udelar.edu.uy\/index.php?rest_route=%2Fwp%2Fv2%2Fmedia&parent=2023"}],"curies":[{"name":"wp","href":"https:\/\/api.w.org\/{rel}","templated":true}]}}