{"id":2041,"date":"2021-08-12T00:27:42","date_gmt":"2021-08-12T03:27:42","guid":{"rendered":"https:\/\/www.epidemiologia.epb.edu.uy\/?page_id=2041"},"modified":"2025-04-08T13:43:48","modified_gmt":"2025-04-08T16:43:48","slug":"informacion-general","status":"publish","type":"page","link":"https:\/\/epidemiologia.epb.udelar.edu.uy\/?page_id=2041","title":{"rendered":"Presentaci\u00f3n de trabajos"},"content":{"rendered":"\t\t<div data-elementor-type=\"wp-page\" data-elementor-id=\"2041\" class=\"elementor elementor-2041\">\n\t\t\t\t\t\t\t\t\t<section class=\"elementor-section elementor-top-section elementor-element elementor-element-138a9207 elementor-section-boxed elementor-section-height-default elementor-section-height-default\" data-id=\"138a9207\" data-element_type=\"section\">\n\t\t\t\t\t\t<div class=\"elementor-container elementor-column-gap-default\">\n\t\t\t\t\t<div class=\"elementor-column elementor-col-100 elementor-top-column elementor-element elementor-element-44b83f98\" data-id=\"44b83f98\" data-element_type=\"column\">\n\t\t\t<div class=\"elementor-widget-wrap elementor-element-populated\">\n\t\t\t\t\t\t\t\t<div class=\"elementor-element elementor-element-35c9c96d elementor-widget elementor-widget-text-editor\" data-id=\"35c9c96d\" data-element_type=\"widget\" data-widget_type=\"text-editor.default\">\n\t\t\t\t<div class=\"elementor-widget-container\">\n\t\t\t<style>\/*! elementor - v3.7.7 - 20-09-2022 *\/\n.elementor-widget-text-editor.elementor-drop-cap-view-stacked .elementor-drop-cap{background-color:#818a91;color:#fff}.elementor-widget-text-editor.elementor-drop-cap-view-framed .elementor-drop-cap{color:#818a91;border:3px solid;background-color:transparent}.elementor-widget-text-editor:not(.elementor-drop-cap-view-default) .elementor-drop-cap{margin-top:8px}.elementor-widget-text-editor:not(.elementor-drop-cap-view-default) .elementor-drop-cap-letter{width:1em;height:1em}.elementor-widget-text-editor .elementor-drop-cap{float:left;text-align:center;line-height:1;font-size:50px}.elementor-widget-text-editor .elementor-drop-cap-letter{display:inline-block}<\/style>\t\t\t\t<p><span style=\"color: #000000;\">Categor\u00edas\u00a0 de presentaci\u00f3n de\u00a0 trabajos: Hay dos categor\u00edas de presentaci\u00f3n de trabajos: relatos de experiencias y los resultados de trabajos de investigaci\u00f3n.<\/span><\/p><p><span style=\"color: #000000;\">Modalidad de presentaci\u00f3n: Los trabajos en las categor\u00edas mencionadas pueden ser presentados en las modalidades de p\u00f3ster digital y comunicaci\u00f3n oral. Estos ser\u00e1n presentados de acuerdo a su eje tem\u00e1tico en la jornada. Los trabajos ser\u00e1n evaluados por un comit\u00e9 cient\u00edfico que podr\u00e1 sugerir un cambio en la modalidad de presentaci\u00f3n del trabajo.\u00a0<\/span><\/p><p><span style=\"color: #000000;\">Los p\u00f3steres digitales deber\u00e1n contener los aspectos relevantes del trabajo presentado. El formato del p\u00f3ster digital es el sentido vertical. El p\u00f3ster deber\u00e1 contener el t\u00edtulo del trabajo, autor(es) y su afiliaci\u00f3n, introducci\u00f3n, objetivos, metodolog\u00eda, resultados, conclusiones y referencias.\u00a0<\/span><\/p><p><span style=\"color: #000000;\">Las comunicaciones orales ser\u00e1n las presentaciones en forma oral del trabajo en las sesiones tem\u00e1ticas. Cada autor tendr\u00e1 un tiempo de 10 minutos para su presentaci\u00f3n y al final de la primera ronda de presentaciones del eje tem\u00e1tico, habr\u00e1 una sesi\u00f3n de preguntas por los participantes mediada por un coordinador de la sesi\u00f3n del eje tem\u00e1tico. La presentaci\u00f3n de su comunicaci\u00f3n oral deber\u00e1 ser enviada en un archivo en formato PDF previo a\u00a0 la fecha de la jornada.<\/span><\/p><p><span style=\"color: #000000;\">Mayores informaciones sobre las presentaciones ser\u00e1n dadas con la notificaci\u00f3n de aceptaci\u00f3n de su trabajo.<\/span><\/p><h4><span style=\"color: #000000;\"><strong>\u00a0<\/strong><\/span><\/h4><h4><span style=\"color: #333399;\"><strong>Ejes para el env\u00edo de trabajos:<\/strong>\u00a0<\/span><\/h4><ul><li><span style=\"color: #000000;\">Alfabetizaci\u00f3n en salud y formaci\u00f3n profesional: el rol de la epidemiolog\u00eda\u00a0<\/span><\/li><li><span style=\"color: #000000;\">Salud, ambiente y sociedad.<\/span><\/li><li><span style=\"color: #000000;\">Vigilancia y monitoreo en salud. Nuevas estrategias.\u00a0\u00a0\u00a0<\/span><\/li><li><span style=\"color: #000000;\">Desaf\u00edos para el sistema y servicios de Salud.<\/span><\/li><\/ul><h4><strong><span style=\"color: #000000;\">\u00a0<\/span><\/strong><\/h4><h4><span style=\"color: #333399;\"><strong>Fechas importantes:\u00a0<\/strong><\/span><\/h4><p><span style=\"color: #000000;\">Fecha de apertura de envi\u00f3 de trabajos: 17 de marzo<\/span><\/p><p><span style=\"color: #000000;\">Fecha l\u00edmite de env\u00edo de res\u00famenes: 4 de mayo<\/span><\/p><p><span style=\"color: #000000;\">Divulgaci\u00f3n de resultados de la evaluaci\u00f3n de trabajos: 16 de mayo<\/span><\/p><p><span style=\"color: #000000;\">Fecha l\u00edmite de env\u00edo de comunicaciones orales: 30 de mayo<\/span><\/p><p><span style=\"color: #000000;\">Fecha l\u00edmite del env\u00edo de p\u00f3steres: 30 de mayo.<\/span><\/p><h4>\u00a0<\/h4><h4><span style=\"color: #333399;\"><strong>Instrucciones para la presentaci\u00f3n de res\u00famenes ampliados:<\/strong><\/span><\/h4><p><span style=\"color: #000000;\">A considerar es que qui\u00e9n env\u00eda el trabajo debe figurar entre los autores tambi\u00e9n.<\/span><\/p><p><span style=\"color: #000000;\">La extensi\u00f3n total del Resumen Ampliado debe contener un m\u00ednimo de 500 y un m\u00e1ximo de 600 palabras. El resumen debe incluir las siguientes secciones: T\u00edtulo, Autores con afiliaci\u00f3n institucional,\u00a0 Introducci\u00f3n, Materiales y M\u00e9todos, Resultados y Conclusiones.\u00a0<\/span><\/p><p><span style=\"color: #000000;\">El t\u00edtulo del trabajo debe suministrar suficiente informaci\u00f3n para que el lector pueda formarse una idea del nivel cient\u00edfico y del inter\u00e9s del estudio, con un m\u00e1ximo de 15 palabras. Los autores se nombrar\u00e1n por su primer apellido y nombre, incluyendo afiliaci\u00f3n institucional, ciudad y pa\u00eds. Se incluir\u00e1 un correo de contacto del autor responsable del trabajo.<\/span><\/p><p><span style=\"color: #000000;\">En la introducci\u00f3n se describir\u00e1n brevemente los antecedentes cient\u00edficos que permitieron formular el problema de la investigaci\u00f3n y el\/los objetivo\/s del estudio.\u00a0<\/span><\/p><p><span style=\"color: #000000;\">En los materiales y m\u00e9todos se incluir\u00e1 la metodolog\u00eda de la investigaci\u00f3n de manera que otros investigadores la puedan replicar o que los lectores puedan conocer los l\u00edmites de interpretaci\u00f3n de los datos. Se deber\u00e1 mencionar el tipo de estudio, la poblaci\u00f3n, los criterios de inclusi\u00f3n y exclusi\u00f3n y el tipo de t\u00e9cnicas utilizadas. De tratarse de m\u00e9todos cuantitativos deben atenerse a su correcta utilizaci\u00f3n y no describir tratamientos estad\u00edsticos corrientes (comparaci\u00f3n de medias, an\u00e1lisis de varianza). De tratarse de m\u00e9todos cualitativos deben especificarse los criterios de selecci\u00f3n de muestra y de an\u00e1lisis de la informaci\u00f3n.\u00a0<\/span><\/p><p><span style=\"color: #000000;\">En los resultados deben describirse los hallazgos m\u00e1s relevantes.<\/span><\/p><p><span style=\"color: #000000;\">Las conclusiones deber\u00e1n limitarse a los resultados de su investigaci\u00f3n, sin citarlos en forma repetida, indicando los que sean susceptibles de verificaci\u00f3n o estudio a mayor profundidad as\u00ed como comparables con hallazgos ya existentes.\u00a0<\/span><\/p><p><span style=\"color: #000000;\">PALABRAS CLAVES (5 palabras)<\/span><\/p><p><span style=\"color: #000000;\">Formulario de env\u00edo de trabajos:<\/span> <span style=\"color: #0000ff;\"><a style=\"color: #0000ff;\" href=\"https:\/\/forms.gle\/LPVTn4Jm9jPVWxfQA\">https:\/\/forms.gle\/LPVTn4Jm9jPVWxfQA<\/a><\/span><\/p><p><span style=\"color: #000000;\">Criterios de evaluaci\u00f3n de los trabajos: un comit\u00e9 cient\u00edfico evaluar\u00e1 los res\u00famenes enviados versando la adecuaci\u00f3n a los temas de la jornada, su calidad metodol\u00f3gica, clareza y s\u00edntesis en la exposici\u00f3n de los contenidos, y adecuaci\u00f3n y coherencia entre los objetivos, metodolog\u00eda, resultados y conclusiones. La decisi\u00f3n del comit\u00e9 cient\u00edfico que evaluar\u00e1 los trabajos es inapelable.<\/span><\/p><h4>\u00a0<\/h4><h4><span style=\"color: #333399;\"><strong>P\u00f3ster<\/strong><\/span><\/h4><p><span style=\"color: #000000;\">Especificaciones para el p\u00f3ster:<\/span><\/p><p><span style=\"color: #000000;\">Los p\u00f3steres aceptados ser\u00e1n mediante una presentaci\u00f3n digital y se organizar\u00e1n por eje tem\u00e1tico.\u00a0\u00a0<\/span><\/p><p><span style=\"color: #000000;\">El p\u00f3ster digital es el sentido vertical. y enviarla al correo jspyepi@gmail.com.\u00a0<\/span><\/p><p><span style=\"color: #000000;\">En caso de no cumplir con estos requisitos o de no haber contemplado las sugerencias realizadas por el comit\u00e9 cient\u00edfico no podr\u00e1 presentar su trabajo, y no ser\u00e1 emitido un certificado.<\/span><\/p><p><span style=\"color: #000000;\">Los p\u00f3steres digitales \u00a0quedar\u00e1n expuestos y presentados durante la jornada. Es importante que su p\u00f3ster tenga su correo electr\u00f3nico para contactar por cualquier consulta del p\u00fablico participante.<\/span><\/p><h4>\u00a0<\/h4><h4><span style=\"color: #333399;\"><strong>Comunicaciones orales<\/strong><\/span><\/h4><p><span style=\"color: #000000;\">Pr\u00f3ximo a la fecha de presentaci\u00f3n de su trabajo le enviaremos la sala, el orden de presentaciones y el nombre del coordinador de la sala.\u00a0<\/span><\/p><p><span style=\"color: #000000;\">Especificaciones para la presentaci\u00f3n:<\/span><\/p><p><span style=\"color: #000000;\">Las comunicaciones orales se organizar\u00e1n por eje tem\u00e1tico y cada presentaci\u00f3n tendr\u00e1 un tiempo m\u00e1ximo de 10 minutos. El dise\u00f1o de la presentaci\u00f3n es libre y deber\u00e1 incluir el logo de la jornada en la primera diapositiva. Habr\u00e1 una sesi\u00f3n de preguntas por el p\u00fablico participante al final de la ronda de las presentaciones que ser\u00e1 mediada por un coordinador.\u00a0<\/span><\/p><p><span style=\"color: #000000;\">En caso de no cumplir con la presentaci\u00f3n en su d\u00eda marcado o de no haber contemplado las sugerencias realizadas por el comit\u00e9 cient\u00edfico (en caso de tenerlas y mencionadas en este correo) no ser\u00e1 emitido el certificado.<\/span><\/p><p><span style=\"color: #000000;\">Consultas: \u00a0enviarlas al correo jspyepi@gmail.com<\/span><\/p><h4>\u00a0<\/h4><h4><span style=\"color: #333399;\"><strong>Certificados<\/strong><\/span><\/h4><p><span style=\"color: #000000;\">Ser\u00e1n emitidos certificados de participaci\u00f3n para aquellos que asisten a la jornada, y presenten trabajos.<\/span><\/p><p><span style=\"color: #000000;\">Estamos trabajando para que los res\u00famenes presentados y aprobados en la jornada sean publicados en una revista indexada.<\/span><\/p>\t\t\t\t\t\t<\/div>\n\t\t\t\t<\/div>\n\t\t\t\t\t<\/div>\n\t\t<\/div>\n\t\t\t\t\t\t\t<\/div>\n\t\t<\/section>\n\t\t\t\t\t\t\t<\/div>\n\t\t","protected":false},"excerpt":{"rendered":"<p>Categor\u00edas&nbsp; de presentaci\u00f3n de&nbsp; trabajos: Hay dos categor\u00edas de presentaci\u00f3n de trabajos: relatos de experiencias y los resultados de trabajos de investigaci\u00f3n. Modalidad de presentaci\u00f3n: Los trabajos en las categor\u00edas mencionadas pueden ser presentados en las modalidades de p\u00f3ster digital y comunicaci\u00f3n oral. Estos ser\u00e1n presentados de acuerdo a su eje tem\u00e1tico en la jornada. [&hellip;]<\/p>\n","protected":false},"author":1,"featured_media":0,"parent":0,"menu_order":0,"comment_status":"closed","ping_status":"closed","template":"","meta":{"_mi_skip_tracking":false},"aioseo_notices":[],"_links":{"self":[{"href":"https:\/\/epidemiologia.epb.udelar.edu.uy\/index.php?rest_route=\/wp\/v2\/pages\/2041"}],"collection":[{"href":"https:\/\/epidemiologia.epb.udelar.edu.uy\/index.php?rest_route=\/wp\/v2\/pages"}],"about":[{"href":"https:\/\/epidemiologia.epb.udelar.edu.uy\/index.php?rest_route=\/wp\/v2\/types\/page"}],"author":[{"embeddable":true,"href":"https:\/\/epidemiologia.epb.udelar.edu.uy\/index.php?rest_route=\/wp\/v2\/users\/1"}],"replies":[{"embeddable":true,"href":"https:\/\/epidemiologia.epb.udelar.edu.uy\/index.php?rest_route=%2Fwp%2Fv2%2Fcomments&post=2041"}],"version-history":[{"count":21,"href":"https:\/\/epidemiologia.epb.udelar.edu.uy\/index.php?rest_route=\/wp\/v2\/pages\/2041\/revisions"}],"predecessor-version":[{"id":2376,"href":"https:\/\/epidemiologia.epb.udelar.edu.uy\/index.php?rest_route=\/wp\/v2\/pages\/2041\/revisions\/2376"}],"wp:attachment":[{"href":"https:\/\/epidemiologia.epb.udelar.edu.uy\/index.php?rest_route=%2Fwp%2Fv2%2Fmedia&parent=2041"}],"curies":[{"name":"wp","href":"https:\/\/api.w.org\/{rel}","templated":true}]}}