{"id":2285,"date":"2025-03-31T15:52:07","date_gmt":"2025-03-31T18:52:07","guid":{"rendered":"https:\/\/epidemiologia.epb.udelar.edu.uy\/?page_id=2285"},"modified":"2025-05-05T15:55:25","modified_gmt":"2025-05-05T18:55:25","slug":"inscripciones-y-mas-informacion","status":"publish","type":"page","link":"https:\/\/epidemiologia.epb.udelar.edu.uy\/?page_id=2285","title":{"rendered":"Inscripciones"},"content":{"rendered":"\t\t<div data-elementor-type=\"wp-page\" data-elementor-id=\"2285\" class=\"elementor elementor-2285\">\n\t\t\t\t\t\t\t\t\t<section class=\"elementor-section elementor-top-section elementor-element elementor-element-a27617e elementor-section-boxed elementor-section-height-default elementor-section-height-default\" data-id=\"a27617e\" data-element_type=\"section\">\n\t\t\t\t\t\t<div class=\"elementor-container elementor-column-gap-default\">\n\t\t\t\t\t<div class=\"elementor-column elementor-col-100 elementor-top-column elementor-element elementor-element-07a2df0\" data-id=\"07a2df0\" data-element_type=\"column\">\n\t\t\t<div class=\"elementor-widget-wrap elementor-element-populated\">\n\t\t\t\t\t\t\t\t<div class=\"elementor-element elementor-element-dfbd521 elementor-widget elementor-widget-text-editor\" data-id=\"dfbd521\" data-element_type=\"widget\" data-widget_type=\"text-editor.default\">\n\t\t\t\t<div class=\"elementor-widget-container\">\n\t\t\t<style>\/*! elementor - v3.7.7 - 20-09-2022 *\/\n.elementor-widget-text-editor.elementor-drop-cap-view-stacked .elementor-drop-cap{background-color:#818a91;color:#fff}.elementor-widget-text-editor.elementor-drop-cap-view-framed .elementor-drop-cap{color:#818a91;border:3px solid;background-color:transparent}.elementor-widget-text-editor:not(.elementor-drop-cap-view-default) .elementor-drop-cap{margin-top:8px}.elementor-widget-text-editor:not(.elementor-drop-cap-view-default) .elementor-drop-cap-letter{width:1em;height:1em}.elementor-widget-text-editor .elementor-drop-cap{float:left;text-align:center;line-height:1;font-size:50px}.elementor-widget-text-editor .elementor-drop-cap-letter{display:inline-block}<\/style>\t\t\t\t<h2><strong><span style=\"color: #000000\">Segundas Jornadas de Epidemiolog\u00eda y Salud P\u00fablica<\/span><\/strong><\/h2><p><span style=\"font-weight: 400;color: #000000\">Las Segundas Jornadas de Epidemiolog\u00eda y Salud P\u00fablica en Uruguay tendr\u00e1n lugar el 4, 5 y 6 de junio de 2025 en forma presencial en las instalaciones del Campus Parque Batlle de la Universidad de la Rep\u00fablica.<\/span><\/p><h4><strong><span style=\"color: #000000\">Inscripciones\u00a0<\/span><\/strong><\/h4><p><span style=\"font-weight: 400;color: #000000\">Inscripciones abiertas <\/span><span style=\"color: #0000ff\"><a style=\"color: #0000ff\" href=\"https:\/\/docs.google.com\/forms\/d\/e\/1FAIpQLSeZ7j_T2bWqL9UD4b9thGBjKf-QY5D47FqAJEPLKFXHef9dpw\/viewform\"><span style=\"font-weight: 400\">aqu\u00ed<\/span><\/a><\/span><\/p><p><span style=\"font-weight: 400;color: #000000\">El pago de la inscripci\u00f3n a la jornada es mediante dep\u00f3sito\/ transferencia en la cuenta Brou 001563665-00004, Instituto de Higiene. Debe escribir en el asunto de la transferencia \u00abJESPn\u00famero de documento\u00bb, por ejemplo JESP45678901. El comprobante de la transferencia debe enviarlo al correo jspyepi@gmail.com. En un plazo de 15 d\u00edas recibir\u00e1 la confirmaci\u00f3n de su inscripci\u00f3n. Cualquier consulta escribir a jspyepi@gmail.com.\u00a0<\/span><\/p><p><span style=\"color: #000000\"><b>Valores de inscripci\u00f3n:<\/b><\/span><\/p><p><span style=\"color: #000000\"><b>Antes del 10 de mayo<\/b><\/span><\/p><p><span style=\"font-weight: 400;color: #000000\">Estudiantes: $U 400<\/span><\/p><p><span style=\"font-weight: 400;color: #000000\">Profesionales, docentes, investigadores: $U 1000<\/span><\/p><p><span style=\"color: #000000\"><b>Despu\u00e9s del 10 de mayo<\/b><\/span><\/p><p><span style=\"font-weight: 400;color: #000000\">Estudiantes: $U 600<\/span><\/p><p><span style=\"font-weight: 400;color: #000000\">Profesionales, docentes, investigadores: $U 1200<\/span><\/p><h4>Becas<\/h4><p><span style=\"color: #000000\">Tipo de beca:<\/span><\/p><ol><li><span style=\"color: #000000\">Costo de inscripci\u00f3n.<\/span><\/li><li><span style=\"color: #000000\">Costo de inscripci\u00f3n, pasajes y alimentaci\u00f3n.<\/span><\/li><li><span style=\"color: #000000\">Costo de inscripci\u00f3n, pasajes, alimentaci\u00f3n y alojamiento (habitaci\u00f3n compartida).<\/span><\/li><\/ol><p><span style=\"color: #000000\">Criterios de adjudicaci\u00f3n: ser\u00e1n priorizados aquellos estudiantes que residan m\u00e1s lejos de Montevideo, en caso de empate se sortear\u00e1. El proceso de adjudicaci\u00f3n ser\u00e1 realizado por un comit\u00e9 que decidir\u00e1 finalmente el tipo de beca otorgado.<\/span><\/p><p><span style=\"color: #000000\">Forma de solicitar la beca: carta de inter\u00e9s en la jornada, detallando tambi\u00e9n su lugar de residencia y su grado de avance en la carrera. Mencionar el tipo de beca que solicita.<\/span><\/p><p><span style=\"color: #000000\">Fecha l\u00edmite de env\u00edo de solicitud: 30 de mayo de 2025.<\/span><\/p><p><span style=\"color: #000000\">Correo electr\u00f3nico de recepci\u00f3n de solicitudes:\u00a0<span style=\"color: #0000ff\"><a style=\"color: #0000ff\" href=\"mailto:jspyepi@gmail.com\">jspyepi@gmail.com<\/a><\/span><\/span><\/p><h4><strong><span style=\"color: #000000\">Cursos precongreso<\/span><\/strong><\/h4><p><span style=\"font-weight: 400\"><span style=\"color: #000000\">Inscripciones<\/span> <\/span><span style=\"color: #0000ff\"><a style=\"color: #0000ff\" href=\"https:\/\/forms.gle\/ew658hvJQeTRecfE8\"><span style=\"font-weight: 400\">aqu\u00ed<\/span><\/a><\/span><\/p><p><span style=\"font-weight: 400\">\u00a0<\/span><\/p>\t\t\t\t\t\t<\/div>\n\t\t\t\t<\/div>\n\t\t\t\t\t<\/div>\n\t\t<\/div>\n\t\t\t\t\t\t\t<\/div>\n\t\t<\/section>\n\t\t\t\t\t\t\t<\/div>\n\t\t","protected":false},"excerpt":{"rendered":"<p>Segundas Jornadas de Epidemiolog\u00eda y Salud P\u00fablica Las Segundas Jornadas de Epidemiolog\u00eda y Salud P\u00fablica en Uruguay tendr\u00e1n lugar el 4, 5 y 6 de junio de 2025 en forma presencial en las instalaciones del Campus Parque Batlle de la Universidad de la Rep\u00fablica. Inscripciones\u00a0 Inscripciones abiertas aqu\u00ed El pago de la inscripci\u00f3n a la [&hellip;]<\/p>\n","protected":false},"author":6,"featured_media":0,"parent":0,"menu_order":0,"comment_status":"closed","ping_status":"closed","template":"","meta":{"_mi_skip_tracking":false},"aioseo_notices":[],"_links":{"self":[{"href":"https:\/\/epidemiologia.epb.udelar.edu.uy\/index.php?rest_route=\/wp\/v2\/pages\/2285"}],"collection":[{"href":"https:\/\/epidemiologia.epb.udelar.edu.uy\/index.php?rest_route=\/wp\/v2\/pages"}],"about":[{"href":"https:\/\/epidemiologia.epb.udelar.edu.uy\/index.php?rest_route=\/wp\/v2\/types\/page"}],"author":[{"embeddable":true,"href":"https:\/\/epidemiologia.epb.udelar.edu.uy\/index.php?rest_route=\/wp\/v2\/users\/6"}],"replies":[{"embeddable":true,"href":"https:\/\/epidemiologia.epb.udelar.edu.uy\/index.php?rest_route=%2Fwp%2Fv2%2Fcomments&post=2285"}],"version-history":[{"count":82,"href":"https:\/\/epidemiologia.epb.udelar.edu.uy\/index.php?rest_route=\/wp\/v2\/pages\/2285\/revisions"}],"predecessor-version":[{"id":2479,"href":"https:\/\/epidemiologia.epb.udelar.edu.uy\/index.php?rest_route=\/wp\/v2\/pages\/2285\/revisions\/2479"}],"wp:attachment":[{"href":"https:\/\/epidemiologia.epb.udelar.edu.uy\/index.php?rest_route=%2Fwp%2Fv2%2Fmedia&parent=2285"}],"curies":[{"name":"wp","href":"https:\/\/api.w.org\/{rel}","templated":true}]}}